{"id":488,"date":"2022-12-17T09:02:42","date_gmt":"2022-12-17T12:02:42","guid":{"rendered":"https:\/\/grupoavn.com.br\/?page_id=488"},"modified":"2022-12-17T09:03:45","modified_gmt":"2022-12-17T12:03:45","slug":"portaria-e-recepcao","status":"publish","type":"page","link":"https:\/\/grupoavn.com.br\/index.php\/portaria-e-recepcao\/","title":{"rendered":"Portaria e Recep\u00e7\u00e3o"},"content":{"rendered":"\t\t<div data-elementor-type=\"wp-page\" data-elementor-id=\"488\" class=\"elementor elementor-488\">\n\t\t\t\t\t\t<section class=\"elementor-section elementor-top-section elementor-element elementor-element-d110c78 elementor-section-full_width elementor-section-height-default elementor-section-height-default\" data-id=\"d110c78\" data-element_type=\"section\" data-settings=\"{&quot;background_background&quot;:&quot;classic&quot;}\">\n\t\t\t\t\t\t<div class=\"elementor-container elementor-column-gap-no\">\n\t\t\t\t\t<div class=\"aux-parallax-section elementor-column elementor-col-100 elementor-top-column elementor-element elementor-element-bf9235d\" data-id=\"bf9235d\" data-element_type=\"column\">\n\t\t\t<div class=\"elementor-widget-wrap elementor-element-populated\">\n\t\t\t\t\t\t<div class=\"elementor-element elementor-element-8ba4a3c aux-appear-watch-animation aux-slide-from-bot elementor-widget elementor-widget-aux_modern_heading\" data-id=\"8ba4a3c\" data-element_type=\"widget\" data-widget_type=\"aux_modern_heading.default\">\n\t\t\t\t<div class=\"elementor-widget-container\">\n\t\t\t<section class=\"aux-widget-modern-heading\">\n            <div class=\"aux-widget-inner\"><p class=\"aux-modern-heading-primary\">Portaria Recep\u00e7\u00e3o<\/p><h4 class=\"aux-modern-heading-secondary\"><span class=\"aux-head-before\">Portaria Remota<\/span><\/h4><div class=\"aux-modern-heading-divider\"><\/div><\/div>\n        <\/section>\t\t<\/div>\n\t\t\t\t<\/div>\n\t\t\t\t\t<\/div>\n\t\t<\/div>\n\t\t\t\t\t<\/div>\n\t\t<\/section>\n\t\t\t\t<section class=\"elementor-section elementor-top-section elementor-element elementor-element-740e073 elementor-section-boxed elementor-section-height-default elementor-section-height-default\" data-id=\"740e073\" data-element_type=\"section\">\n\t\t\t\t\t\t<div class=\"elementor-container elementor-column-gap-default\">\n\t\t\t\t\t<div class=\"aux-parallax-section elementor-column elementor-col-100 elementor-top-column elementor-element elementor-element-a9c82d8\" data-id=\"a9c82d8\" data-element_type=\"column\">\n\t\t\t<div class=\"elementor-widget-wrap elementor-element-populated\">\n\t\t\t\t\t\t<div class=\"elementor-element elementor-element-9c33108 elementor-widget elementor-widget-text-editor\" data-id=\"9c33108\" data-element_type=\"widget\" data-widget_type=\"text-editor.default\">\n\t\t\t\t<div class=\"elementor-widget-container\">\n\t\t\t<style>\/*! elementor - v3.21.0 - 08-05-2024 *\/\n.elementor-widget-text-editor.elementor-drop-cap-view-stacked .elementor-drop-cap{background-color:#69727d;color:#fff}.elementor-widget-text-editor.elementor-drop-cap-view-framed .elementor-drop-cap{color:#69727d;border:3px solid;background-color:transparent}.elementor-widget-text-editor:not(.elementor-drop-cap-view-default) .elementor-drop-cap{margin-top:8px}.elementor-widget-text-editor:not(.elementor-drop-cap-view-default) .elementor-drop-cap-letter{width:1em;height:1em}.elementor-widget-text-editor .elementor-drop-cap{float:left;text-align:center;line-height:1;font-size:50px}.elementor-widget-text-editor .elementor-drop-cap-letter{display:inline-block}<\/style>\t\t\t\t<p><strong>O que \u00e9 a portaria remota?<br \/><\/strong><br \/>A portaria remota consiste no funcionamento automatizado de dispositivos para monitorar e controlar o acesso ao condom\u00ednio. Esses equipamentos s\u00e3o integrados e gerenciados por um operador \u00e0 dist\u00e2ncia ou pelos pr\u00f3prios moradores (portaria aut\u00f4noma).<\/p><p>Por exemplo, a entrada de um visitante pode ser concedida por um vigilante remoto mediante autoriza\u00e7\u00e3o do morador. Ou ainda, pelo pr\u00f3prio cond\u00f4mino. Em ambas formas, n\u00e3o h\u00e1 necessidade de ter um colaborador realizando esta atividade na portaria do pr\u00e9dio.<\/p><p>Contudo, \u00e9 preciso lembrar que a chegada de um novo sistema tamb\u00e9m requer uma mudan\u00e7a de h\u00e1bitos por parte dos moradores, por isso, vale tomar alguns cuidados.<br \/>Portaria remota: como funciona?<br \/>Quando falamos em portaria, seja ela remota ou n\u00e3o, devemos sempre levar em considera\u00e7\u00e3o tr\u00eas frentes fundamentais:<\/p><p>Comunica\u00e7\u00e3o \u2013 permite a troca de informa\u00e7\u00f5es com os moradores, como o aviso de recebimento de encomendas, entre outras. Aqui entram sistemas de interfonia, porteiro eletr\u00f4nico, videoporteiro, fechaduras, etc;<br \/>Controle de acesso \u2013 garante que apenas pessoas autorizadas estejam presentes no condom\u00ednio. H\u00e1 uma ampla gama de produtos nessa categoria e os tipos de acesso podem variar: senhas num\u00e9ricas, biometria (principalmente o reconhecimento facial, cada vez mais comum em condom\u00ednios), tags e leitura de etiquetas veiculares (para garagem);<br \/>Vigil\u00e2ncia \u2013 possibilita o monitoramento, ou seja, a visualiza\u00e7\u00e3o de quem entra ou sai do local. As c\u00e2meras de seguran\u00e7a s\u00e3o os principais equipamentos dessa frente.<\/p>\t\t\t\t\t\t<\/div>\n\t\t\t\t<\/div>\n\t\t\t\t\t<\/div>\n\t\t<\/div>\n\t\t\t\t\t<\/div>\n\t\t<\/section>\n\t\t\t\t<section class=\"elementor-section elementor-top-section elementor-element elementor-element-3866d362 elementor-section-full_width elementor-section-height-default elementor-section-height-default\" data-id=\"3866d362\" data-element_type=\"section\">\n\t\t\t\t\t\t<div class=\"elementor-container elementor-column-gap-default\">\n\t\t\t\t\t<div class=\"aux-parallax-section elementor-column elementor-col-100 elementor-top-column elementor-element elementor-element-32104043\" data-id=\"32104043\" data-element_type=\"column\">\n\t\t\t<div class=\"elementor-widget-wrap elementor-element-populated\">\n\t\t\t\t\t\t<div class=\"elementor-element elementor-element-641dde6e elementor-cta--skin-classic elementor-animated-content elementor-bg-transform elementor-bg-transform-zoom-in elementor-widget elementor-widget-call-to-action\" data-id=\"641dde6e\" data-element_type=\"widget\" data-widget_type=\"call-to-action.default\">\n\t\t\t\t<div class=\"elementor-widget-container\">\n\t\t\t<link rel=\"stylesheet\" href=\"https:\/\/grupoavn.com.br\/wp-content\/plugins\/elementor-pro\/assets\/css\/widget-call-to-action.min.css\">\t\t<div class=\"elementor-cta\">\n\t\t\t\t\t<div class=\"elementor-cta__bg-wrapper\">\n\t\t\t\t<div class=\"elementor-cta__bg elementor-bg\" style=\"background-image: url(https:\/\/grupoavn.com.br\/wp-content\/uploads\/2022\/12\/topo-fale-conosco.jpg);\"><\/div>\n\t\t\t\t<div class=\"elementor-cta__bg-overlay\"><\/div>\n\t\t\t<\/div>\n\t\t\t\t\t\t\t<div class=\"elementor-cta__content\">\n\t\t\t\t\n\t\t\t\t<h2 class=\"elementor-cta__title elementor-cta__content-item elementor-content-item\">Fa\u00e7a um Or\u00e7amento<\/h2>\n\t\t\t\t\t\t\t\t\t<div class=\"elementor-cta__description elementor-cta__content-item elementor-content-item\">\n\t\t\t\t\t\tFala com um especialista agora!\t\t\t\t\t<\/div>\n\t\t\t\t\n\t\t\t\t\t\t\t\t\t<div class=\"elementor-cta__button-wrapper elementor-cta__content-item elementor-content-item \">\n\t\t\t\t\t<a class=\"elementor-cta__button elementor-button elementor-size-sm\" href=\"https:\/\/api.whatsapp.com\/send?phone=5571997367917&#038;text=Ol%C3%A1%20quero%20falar%20com%20um%20especialista%20sobre%20seguran%C3%A7a!\" target=\"_blank\" rel=\"nofollow\">\n\t\t\t\t\t\tOr\u00e7amentos\t\t\t\t\t<\/a>\n\t\t\t\t\t<\/div>\n\t\t\t\t\t\t\t<\/div>\n\t\t\t\t\t\t\t<div class=\"elementor-ribbon\">\n\t\t\t\t<div class=\"elementor-ribbon-inner\">Fale agora!<\/div>\n\t\t\t<\/div>\n\t\t\t\t<\/div>\n\t\t\t\t<\/div>\n\t\t\t\t<\/div>\n\t\t\t\t\t<\/div>\n\t\t<\/div>\n\t\t\t\t\t<\/div>\n\t\t<\/section>\n\t\t\t\t<\/div>\n\t\t","protected":false},"excerpt":{"rendered":"<p>Portaria Recep\u00e7\u00e3o Portaria Remota O que \u00e9 a portaria remota?A portaria remota consiste no funcionamento automatizado de dispositivos para monitorar e controlar o acesso ao condom\u00ednio. Esses equipamentos s\u00e3o integrados e gerenciados por um operador \u00e0 dist\u00e2ncia ou pelos pr\u00f3prios moradores (portaria aut\u00f4noma). Por exemplo, a entrada de um visitante pode ser concedida por um [&hellip;]<\/p>\n","protected":false},"author":1,"featured_media":0,"parent":0,"menu_order":0,"comment_status":"closed","ping_status":"closed","template":"","meta":{"footnotes":""},"_links":{"self":[{"href":"https:\/\/grupoavn.com.br\/index.php\/wp-json\/wp\/v2\/pages\/488"}],"collection":[{"href":"https:\/\/grupoavn.com.br\/index.php\/wp-json\/wp\/v2\/pages"}],"about":[{"href":"https:\/\/grupoavn.com.br\/index.php\/wp-json\/wp\/v2\/types\/page"}],"author":[{"embeddable":true,"href":"https:\/\/grupoavn.com.br\/index.php\/wp-json\/wp\/v2\/users\/1"}],"replies":[{"embeddable":true,"href":"https:\/\/grupoavn.com.br\/index.php\/wp-json\/wp\/v2\/comments?post=488"}],"version-history":[{"count":4,"href":"https:\/\/grupoavn.com.br\/index.php\/wp-json\/wp\/v2\/pages\/488\/revisions"}],"predecessor-version":[{"id":492,"href":"https:\/\/grupoavn.com.br\/index.php\/wp-json\/wp\/v2\/pages\/488\/revisions\/492"}],"wp:attachment":[{"href":"https:\/\/grupoavn.com.br\/index.php\/wp-json\/wp\/v2\/media?parent=488"}],"curies":[{"name":"wp","href":"https:\/\/api.w.org\/{rel}","templated":true}]}}