{"id":482,"date":"2022-12-17T08:55:26","date_gmt":"2022-12-17T11:55:26","guid":{"rendered":"https:\/\/grupoavn.com.br\/?page_id=482"},"modified":"2022-12-17T09:04:12","modified_gmt":"2022-12-17T12:04:12","slug":"bombeiro-civil","status":"publish","type":"page","link":"https:\/\/grupoavn.com.br\/index.php\/bombeiro-civil\/","title":{"rendered":"Bombeiro Civil"},"content":{"rendered":"\t\t<div data-elementor-type=\"wp-page\" data-elementor-id=\"482\" class=\"elementor elementor-482\">\n\t\t\t\t\t\t<section class=\"elementor-section elementor-top-section elementor-element elementor-element-330d78e elementor-section-full_width elementor-section-height-default elementor-section-height-default\" data-id=\"330d78e\" data-element_type=\"section\" data-settings=\"{&quot;background_background&quot;:&quot;classic&quot;}\">\n\t\t\t\t\t\t<div class=\"elementor-container elementor-column-gap-no\">\n\t\t\t\t\t<div class=\"aux-parallax-section elementor-column elementor-col-100 elementor-top-column elementor-element elementor-element-f5a7ba2\" data-id=\"f5a7ba2\" data-element_type=\"column\">\n\t\t\t<div class=\"elementor-widget-wrap elementor-element-populated\">\n\t\t\t\t\t\t<div class=\"elementor-element elementor-element-f8b8487 aux-appear-watch-animation aux-slide-from-bot elementor-widget elementor-widget-aux_modern_heading\" data-id=\"f8b8487\" data-element_type=\"widget\" data-widget_type=\"aux_modern_heading.default\">\n\t\t\t\t<div class=\"elementor-widget-container\">\n\t\t\t<section class=\"aux-widget-modern-heading\">\n            <div class=\"aux-widget-inner\"><p class=\"aux-modern-heading-primary\">Bombeiro Civil<\/p><h4 class=\"aux-modern-heading-secondary\"><span class=\"aux-head-before\">Fogo \u00e9 Perigo<\/span><\/h4><div class=\"aux-modern-heading-divider\"><\/div><\/div>\n        <\/section>\t\t<\/div>\n\t\t\t\t<\/div>\n\t\t\t\t\t<\/div>\n\t\t<\/div>\n\t\t\t\t\t<\/div>\n\t\t<\/section>\n\t\t\t\t<section class=\"elementor-section elementor-top-section elementor-element elementor-element-a4059c3 elementor-section-boxed elementor-section-height-default elementor-section-height-default\" data-id=\"a4059c3\" data-element_type=\"section\">\n\t\t\t\t\t\t<div class=\"elementor-container elementor-column-gap-default\">\n\t\t\t\t\t<div class=\"aux-parallax-section elementor-column elementor-col-100 elementor-top-column elementor-element elementor-element-945602e\" data-id=\"945602e\" data-element_type=\"column\">\n\t\t\t<div class=\"elementor-widget-wrap elementor-element-populated\">\n\t\t\t\t\t\t<div class=\"elementor-element elementor-element-a88ed73 elementor-widget elementor-widget-text-editor\" data-id=\"a88ed73\" data-element_type=\"widget\" data-widget_type=\"text-editor.default\">\n\t\t\t\t<div class=\"elementor-widget-container\">\n\t\t\t<style>\/*! elementor - v3.21.0 - 08-05-2024 *\/\n.elementor-widget-text-editor.elementor-drop-cap-view-stacked .elementor-drop-cap{background-color:#69727d;color:#fff}.elementor-widget-text-editor.elementor-drop-cap-view-framed .elementor-drop-cap{color:#69727d;border:3px solid;background-color:transparent}.elementor-widget-text-editor:not(.elementor-drop-cap-view-default) .elementor-drop-cap{margin-top:8px}.elementor-widget-text-editor:not(.elementor-drop-cap-view-default) .elementor-drop-cap-letter{width:1em;height:1em}.elementor-widget-text-editor .elementor-drop-cap{float:left;text-align:center;line-height:1;font-size:50px}.elementor-widget-text-editor .elementor-drop-cap-letter{display:inline-block}<\/style>\t\t\t\t<p>Bombeiro Civil \u00e9 o profissional respons\u00e1vel pelos planos de emerg\u00eancia e gest\u00e3o de riscos onde atua.<\/p><p>O Bombeiro Civil atua em empresas, shows e eventos e fica respons\u00e1vel pela gest\u00e3o dos riscos de inc\u00eandio e outras situa\u00e7\u00f5es com potencial de gerar uma emerg\u00eancia.<br \/>No dia a dia, tem a responsabilidade de fazer a inspe\u00e7\u00e3o de equipamentos de combate a inc\u00eandio e acompanhar atividades que envolvam trabalhos de risco na edifica\u00e7\u00e3o em que atua.<\/p><p>Cabe tamb\u00e9m auxiliar no desenvolvimento de planos de emerg\u00eancia, sempre zelando pela preserva\u00e7\u00e3o de vidas, respeito ao meio ambiente e prote\u00e7\u00e3o ao patrim\u00f4nio.<\/p><p>Esse profissional tamb\u00e9m presta os primeiros socorros a v\u00edtimas de acidentes ou qualquer situa\u00e7\u00e3o que envolva urg\u00eancia e\/ou emerg\u00eancia, realizando o primeiro atendimento at\u00e9 a chegada do resgate.<\/p><p>Sem contar que cumpre um importante papel social ao levar informa\u00e7\u00e3o e esclarecimento que podem melhorar a qualidade de vida de uma comunidade.<\/p>\t\t\t\t\t\t<\/div>\n\t\t\t\t<\/div>\n\t\t\t\t\t<\/div>\n\t\t<\/div>\n\t\t\t\t\t<\/div>\n\t\t<\/section>\n\t\t\t\t<section class=\"elementor-section elementor-top-section elementor-element elementor-element-4244458d elementor-section-full_width elementor-section-height-default elementor-section-height-default\" data-id=\"4244458d\" data-element_type=\"section\">\n\t\t\t\t\t\t<div class=\"elementor-container elementor-column-gap-default\">\n\t\t\t\t\t<div class=\"aux-parallax-section elementor-column elementor-col-100 elementor-top-column elementor-element elementor-element-3a500c4e\" data-id=\"3a500c4e\" data-element_type=\"column\">\n\t\t\t<div class=\"elementor-widget-wrap elementor-element-populated\">\n\t\t\t\t\t\t<div class=\"elementor-element elementor-element-6bcc818c elementor-cta--skin-classic elementor-animated-content elementor-bg-transform elementor-bg-transform-zoom-in elementor-widget elementor-widget-call-to-action\" data-id=\"6bcc818c\" data-element_type=\"widget\" data-widget_type=\"call-to-action.default\">\n\t\t\t\t<div class=\"elementor-widget-container\">\n\t\t\t<link rel=\"stylesheet\" href=\"https:\/\/grupoavn.com.br\/wp-content\/plugins\/elementor-pro\/assets\/css\/widget-call-to-action.min.css\">\t\t<div class=\"elementor-cta\">\n\t\t\t\t\t<div class=\"elementor-cta__bg-wrapper\">\n\t\t\t\t<div class=\"elementor-cta__bg elementor-bg\" style=\"background-image: url(https:\/\/grupoavn.com.br\/wp-content\/uploads\/2022\/12\/topo-fale-conosco.jpg);\"><\/div>\n\t\t\t\t<div class=\"elementor-cta__bg-overlay\"><\/div>\n\t\t\t<\/div>\n\t\t\t\t\t\t\t<div class=\"elementor-cta__content\">\n\t\t\t\t\n\t\t\t\t<h2 class=\"elementor-cta__title elementor-cta__content-item elementor-content-item\">Fa\u00e7a um Or\u00e7amento<\/h2>\n\t\t\t\t\t\t\t\t\t<div class=\"elementor-cta__description elementor-cta__content-item elementor-content-item\">\n\t\t\t\t\t\tFala com um especialista agora!\t\t\t\t\t<\/div>\n\t\t\t\t\n\t\t\t\t\t\t\t\t\t<div class=\"elementor-cta__button-wrapper elementor-cta__content-item elementor-content-item \">\n\t\t\t\t\t<a class=\"elementor-cta__button elementor-button elementor-size-sm\" href=\"https:\/\/api.whatsapp.com\/send?phone=5571997367917&#038;text=Ol%C3%A1%20quero%20falar%20com%20um%20especialista%20sobre%20seguran%C3%A7a!\" target=\"_blank\" rel=\"nofollow\">\n\t\t\t\t\t\tOr\u00e7amentos\t\t\t\t\t<\/a>\n\t\t\t\t\t<\/div>\n\t\t\t\t\t\t\t<\/div>\n\t\t\t\t\t\t\t<div class=\"elementor-ribbon\">\n\t\t\t\t<div class=\"elementor-ribbon-inner\">Fale agora!<\/div>\n\t\t\t<\/div>\n\t\t\t\t<\/div>\n\t\t\t\t<\/div>\n\t\t\t\t<\/div>\n\t\t\t\t\t<\/div>\n\t\t<\/div>\n\t\t\t\t\t<\/div>\n\t\t<\/section>\n\t\t\t\t<\/div>\n\t\t","protected":false},"excerpt":{"rendered":"<p>Bombeiro Civil Fogo \u00e9 Perigo Bombeiro Civil \u00e9 o profissional respons\u00e1vel pelos planos de emerg\u00eancia e gest\u00e3o de riscos onde atua. O Bombeiro Civil atua em empresas, shows e eventos e fica respons\u00e1vel pela gest\u00e3o dos riscos de inc\u00eandio e outras situa\u00e7\u00f5es com potencial de gerar uma emerg\u00eancia.No dia a dia, tem a responsabilidade de [&hellip;]<\/p>\n","protected":false},"author":1,"featured_media":0,"parent":0,"menu_order":0,"comment_status":"closed","ping_status":"closed","template":"elementor_header_footer","meta":{"footnotes":""},"_links":{"self":[{"href":"https:\/\/grupoavn.com.br\/index.php\/wp-json\/wp\/v2\/pages\/482"}],"collection":[{"href":"https:\/\/grupoavn.com.br\/index.php\/wp-json\/wp\/v2\/pages"}],"about":[{"href":"https:\/\/grupoavn.com.br\/index.php\/wp-json\/wp\/v2\/types\/page"}],"author":[{"embeddable":true,"href":"https:\/\/grupoavn.com.br\/index.php\/wp-json\/wp\/v2\/users\/1"}],"replies":[{"embeddable":true,"href":"https:\/\/grupoavn.com.br\/index.php\/wp-json\/wp\/v2\/comments?post=482"}],"version-history":[{"count":7,"href":"https:\/\/grupoavn.com.br\/index.php\/wp-json\/wp\/v2\/pages\/482\/revisions"}],"predecessor-version":[{"id":495,"href":"https:\/\/grupoavn.com.br\/index.php\/wp-json\/wp\/v2\/pages\/482\/revisions\/495"}],"wp:attachment":[{"href":"https:\/\/grupoavn.com.br\/index.php\/wp-json\/wp\/v2\/media?parent=482"}],"curies":[{"name":"wp","href":"https:\/\/api.w.org\/{rel}","templated":true}]}}