{"id":468,"date":"2022-12-17T08:39:22","date_gmt":"2022-12-17T11:39:22","guid":{"rendered":"https:\/\/grupoavn.com.br\/?page_id=468"},"modified":"2022-12-17T08:40:18","modified_gmt":"2022-12-17T11:40:18","slug":"seguranca-eletronica","status":"publish","type":"page","link":"https:\/\/grupoavn.com.br\/index.php\/seguranca-eletronica\/","title":{"rendered":"Seguran\u00e7a Eletr\u00f4nica"},"content":{"rendered":"\t\t<div data-elementor-type=\"wp-page\" data-elementor-id=\"468\" class=\"elementor elementor-468\">\n\t\t\t\t\t\t<section class=\"elementor-section elementor-top-section elementor-element elementor-element-bf5f391 elementor-section-full_width elementor-section-height-default elementor-section-height-default\" data-id=\"bf5f391\" data-element_type=\"section\" data-settings=\"{&quot;background_background&quot;:&quot;classic&quot;}\">\n\t\t\t\t\t\t<div class=\"elementor-container elementor-column-gap-no\">\n\t\t\t\t\t<div class=\"aux-parallax-section elementor-column elementor-col-100 elementor-top-column elementor-element elementor-element-6c47c95\" data-id=\"6c47c95\" data-element_type=\"column\">\n\t\t\t<div class=\"elementor-widget-wrap elementor-element-populated\">\n\t\t\t\t\t\t<div class=\"elementor-element elementor-element-2b335bf aux-appear-watch-animation aux-slide-from-bot elementor-widget elementor-widget-aux_modern_heading\" data-id=\"2b335bf\" data-element_type=\"widget\" data-widget_type=\"aux_modern_heading.default\">\n\t\t\t\t<div class=\"elementor-widget-container\">\n\t\t\t<section class=\"aux-widget-modern-heading\">\n            <div class=\"aux-widget-inner\"><p class=\"aux-modern-heading-primary\">Seguran\u00e7a Eletr\u00f4nica<\/p><h4 class=\"aux-modern-heading-secondary\"><span class=\"aux-head-before\">Tecnologia em Prote\u00e7\u00e3o<\/span><\/h4><div class=\"aux-modern-heading-divider\"><\/div><\/div>\n        <\/section>\t\t<\/div>\n\t\t\t\t<\/div>\n\t\t\t\t\t<\/div>\n\t\t<\/div>\n\t\t\t\t\t<\/div>\n\t\t<\/section>\n\t\t\t\t<section class=\"elementor-section elementor-top-section elementor-element elementor-element-4495de1 elementor-section-boxed elementor-section-height-default elementor-section-height-default\" data-id=\"4495de1\" data-element_type=\"section\">\n\t\t\t\t\t\t<div class=\"elementor-container elementor-column-gap-default\">\n\t\t\t\t\t<div class=\"aux-parallax-section elementor-column elementor-col-100 elementor-top-column elementor-element elementor-element-3eb9743\" data-id=\"3eb9743\" data-element_type=\"column\">\n\t\t\t<div class=\"elementor-widget-wrap elementor-element-populated\">\n\t\t\t\t\t\t<div class=\"elementor-element elementor-element-f526ed1 elementor-widget elementor-widget-text-editor\" data-id=\"f526ed1\" data-element_type=\"widget\" data-widget_type=\"text-editor.default\">\n\t\t\t\t<div class=\"elementor-widget-container\">\n\t\t\t<style>\/*! elementor - v3.21.0 - 08-05-2024 *\/\n.elementor-widget-text-editor.elementor-drop-cap-view-stacked .elementor-drop-cap{background-color:#69727d;color:#fff}.elementor-widget-text-editor.elementor-drop-cap-view-framed .elementor-drop-cap{color:#69727d;border:3px solid;background-color:transparent}.elementor-widget-text-editor:not(.elementor-drop-cap-view-default) .elementor-drop-cap{margin-top:8px}.elementor-widget-text-editor:not(.elementor-drop-cap-view-default) .elementor-drop-cap-letter{width:1em;height:1em}.elementor-widget-text-editor .elementor-drop-cap{float:left;text-align:center;line-height:1;font-size:50px}.elementor-widget-text-editor .elementor-drop-cap-letter{display:inline-block}<\/style>\t\t\t\t<p>Seguran\u00e7a eletr\u00f4nica se refere \u00e0 utiliza\u00e7\u00e3o de dispositivos e sistemas espec\u00edficos para monitorar, detectar e inibir diferentes tipos de atividades criminosas. O objetivo \u00e9 vigiar uma determinada \u00e1rea e prezar pela prote\u00e7\u00e3o de patrim\u00f4nios e de pessoas que frequentem o local.<br \/>seguran\u00e7a eletr\u00f4nica \u00e9 aplicada depende diretamente das suas necessidades e das particularidades da sua situa\u00e7\u00e3o. Por esse motivo, antes de buscar as solu\u00e7\u00f5es certas para voc\u00ea, \u00e9 importante entender melhor como esse tipo de seguran\u00e7a funciona na pr\u00e1tica.<\/p><p>Principais Equipamentos De Seguran\u00e7a Eletr\u00f4nica<\/p><p>Fechaduras Inteligentes<br \/>As fechaduras inteligentes aprimoram a seguran\u00e7a ao dispensar o uso de chaves f\u00edsicas. Em vez disso, o dispositivo abre e tranca portas a partir de diferentes m\u00e9todos, como ativa\u00e7\u00e3o via aplicativo, sequ\u00eancia num\u00e9rica ou at\u00e9 biometria. Dessa forma, \u00e9 muito mais f\u00e1cil controlar quem tem acesso ao local.<\/p><p>Reconhecimento Facial<br \/>O sistema de reconhecimento facial j\u00e1 \u00e9 muito comum nos smartphones mais avan\u00e7ados. Seu funcionamento consiste no registro da biometria facial do usu\u00e1rio, condicionando o acesso a um local ou dispositivo ao reconhecimento desses dados. Assim, basta que voc\u00ea posicione a face frente ao equipamento para que ele permita o acesso.<\/p><p>Sensor Ativo De Infravermelho<br \/>O sensor ativo de infravermelho tem fun\u00e7\u00e3o semelhante ao sensor chamado de passivo, que identifica a presen\u00e7a de pessoas a partir da capta\u00e7\u00e3o de calor humano. Aqui, contudo, a constata\u00e7\u00e3o se d\u00e1 a partir da emiss\u00e3o de feixes de luz infravermelha, que acusam quando s\u00e3o interrompidos por um corpo estranho.<\/p><p>Aplicativos No Celular<br \/>Hoje, o celular est\u00e1 presente em quase todos os momentos de nossas vidas. Se voc\u00ea esticar o bra\u00e7o agora, provavelmente poder\u00e1 alcan\u00e7ar o seu smartphone. Por conta disso, aplicativos que permitem o monitoramento remoto de ambientes, seja a partir de c\u00e2meras, seja a partir de sensores, se tornam cada vez mais populares.<\/p>\t\t\t\t\t\t<\/div>\n\t\t\t\t<\/div>\n\t\t\t\t\t<\/div>\n\t\t<\/div>\n\t\t\t\t\t<\/div>\n\t\t<\/section>\n\t\t\t\t<section class=\"elementor-section elementor-top-section elementor-element elementor-element-14c8077d elementor-section-full_width elementor-section-height-default elementor-section-height-default\" data-id=\"14c8077d\" data-element_type=\"section\">\n\t\t\t\t\t\t<div class=\"elementor-container elementor-column-gap-default\">\n\t\t\t\t\t<div class=\"aux-parallax-section elementor-column elementor-col-100 elementor-top-column elementor-element elementor-element-19649339\" data-id=\"19649339\" data-element_type=\"column\">\n\t\t\t<div class=\"elementor-widget-wrap elementor-element-populated\">\n\t\t\t\t\t\t<div class=\"elementor-element elementor-element-55fe74ee elementor-cta--skin-classic elementor-animated-content elementor-bg-transform elementor-bg-transform-zoom-in elementor-widget elementor-widget-call-to-action\" data-id=\"55fe74ee\" data-element_type=\"widget\" data-widget_type=\"call-to-action.default\">\n\t\t\t\t<div class=\"elementor-widget-container\">\n\t\t\t<link rel=\"stylesheet\" href=\"https:\/\/grupoavn.com.br\/wp-content\/plugins\/elementor-pro\/assets\/css\/widget-call-to-action.min.css\">\t\t<div class=\"elementor-cta\">\n\t\t\t\t\t<div class=\"elementor-cta__bg-wrapper\">\n\t\t\t\t<div class=\"elementor-cta__bg elementor-bg\" style=\"background-image: url(https:\/\/grupoavn.com.br\/wp-content\/uploads\/2022\/12\/topo-fale-conosco.jpg);\"><\/div>\n\t\t\t\t<div class=\"elementor-cta__bg-overlay\"><\/div>\n\t\t\t<\/div>\n\t\t\t\t\t\t\t<div class=\"elementor-cta__content\">\n\t\t\t\t\n\t\t\t\t<h2 class=\"elementor-cta__title elementor-cta__content-item elementor-content-item\">Fa\u00e7a um Or\u00e7amento<\/h2>\n\t\t\t\t\t\t\t\t\t<div class=\"elementor-cta__description elementor-cta__content-item elementor-content-item\">\n\t\t\t\t\t\tFala com um especialista agora!\t\t\t\t\t<\/div>\n\t\t\t\t\n\t\t\t\t\t\t\t\t\t<div class=\"elementor-cta__button-wrapper elementor-cta__content-item elementor-content-item \">\n\t\t\t\t\t<a class=\"elementor-cta__button elementor-button elementor-size-sm\" href=\"https:\/\/api.whatsapp.com\/send?phone=5571997367917&#038;text=Ol%C3%A1%20quero%20falar%20com%20um%20especialista%20sobre%20seguran%C3%A7a!\" target=\"_blank\" rel=\"nofollow\">\n\t\t\t\t\t\tOr\u00e7amentos\t\t\t\t\t<\/a>\n\t\t\t\t\t<\/div>\n\t\t\t\t\t\t\t<\/div>\n\t\t\t\t\t\t\t<div class=\"elementor-ribbon\">\n\t\t\t\t<div class=\"elementor-ribbon-inner\">Fale agora!<\/div>\n\t\t\t<\/div>\n\t\t\t\t<\/div>\n\t\t\t\t<\/div>\n\t\t\t\t<\/div>\n\t\t\t\t\t<\/div>\n\t\t<\/div>\n\t\t\t\t\t<\/div>\n\t\t<\/section>\n\t\t\t\t<\/div>\n\t\t","protected":false},"excerpt":{"rendered":"<p>Seguran\u00e7a Eletr\u00f4nica Tecnologia em Prote\u00e7\u00e3o Seguran\u00e7a eletr\u00f4nica se refere \u00e0 utiliza\u00e7\u00e3o de dispositivos e sistemas espec\u00edficos para monitorar, detectar e inibir diferentes tipos de atividades criminosas. O objetivo \u00e9 vigiar uma determinada \u00e1rea e prezar pela prote\u00e7\u00e3o de patrim\u00f4nios e de pessoas que frequentem o local.seguran\u00e7a eletr\u00f4nica \u00e9 aplicada depende diretamente das suas necessidades e [&hellip;]<\/p>\n","protected":false},"author":1,"featured_media":0,"parent":0,"menu_order":0,"comment_status":"closed","ping_status":"closed","template":"elementor_header_footer","meta":{"footnotes":""},"_links":{"self":[{"href":"https:\/\/grupoavn.com.br\/index.php\/wp-json\/wp\/v2\/pages\/468"}],"collection":[{"href":"https:\/\/grupoavn.com.br\/index.php\/wp-json\/wp\/v2\/pages"}],"about":[{"href":"https:\/\/grupoavn.com.br\/index.php\/wp-json\/wp\/v2\/types\/page"}],"author":[{"embeddable":true,"href":"https:\/\/grupoavn.com.br\/index.php\/wp-json\/wp\/v2\/users\/1"}],"replies":[{"embeddable":true,"href":"https:\/\/grupoavn.com.br\/index.php\/wp-json\/wp\/v2\/comments?post=468"}],"version-history":[{"count":4,"href":"https:\/\/grupoavn.com.br\/index.php\/wp-json\/wp\/v2\/pages\/468\/revisions"}],"predecessor-version":[{"id":473,"href":"https:\/\/grupoavn.com.br\/index.php\/wp-json\/wp\/v2\/pages\/468\/revisions\/473"}],"wp:attachment":[{"href":"https:\/\/grupoavn.com.br\/index.php\/wp-json\/wp\/v2\/media?parent=468"}],"curies":[{"name":"wp","href":"https:\/\/api.w.org\/{rel}","templated":true}]}}